{"id":25,"date":"2019-12-14T18:01:04","date_gmt":"2019-12-14T18:01:04","guid":{"rendered":"http:\/\/anielesteininger.com\/?page_id=25"},"modified":"2023-01-23T09:38:14","modified_gmt":"2023-01-23T08:38:14","slug":"steininger-duo","status":"publish","type":"page","link":"https:\/\/anielesteininger.com\/?page_id=25","title":{"rendered":"STEININGER DUO"},"content":{"rendered":"\n<p> <\/p>\n\n\n\n<p>Seit fr\u00fcher Kindheit spielen die Geschwister des Steininger-Duos erfolgreich zusammen. Das Duo konzertierte in zahlreichen L\u00e4ndern Europas unter anderen bei den Foyer-Konzerten der Deutschen Oper Berlin, im ESE Florenz, bei den Schlosskonzerten Arbon in der Schweiz oder zuletzt bei der neu etablierten Konzertreihe des Beethoven Conservatoriums Venlo in den Niederlanden. Im November 2018 gewannen sie den Sonderpreis f\u00fcr das \u201ebeste Duo\u201c im internationalen Anton Rubinstein Kammermusik-Wettbewerb, 2022 den dritten Preis bei der 2. International Competition &#8222;Music in the Vineyards&#8220;, Vr\u0161ac, Serbien. Im Wettbewerb &#8222;La Follia Nuova&#8220; in Trentino , Italien (2021) war das Steininger Duo unter den Finalistinnen. <\/p>\n\n\n\n<p>Lilja Steininger hat in Wien studiert und ist Solofl\u00f6tistin der D\u00fcsseldorfer Symphonikern. Sie war Akademistin der Karajan-Akademie der Berliner Philharmoniker und ist Preistr\u00e4gerin zahlreicher internationaler Wettbewerbe, u.a. Osaka International Music Competition.<\/p>\n\n\n\n<p><strong>ENGLISH VERSION<\/strong> | Since early childhood the Steininger sisters from Berlin played together as a duo. They performed concerts in many countries of Europe for example at the foyer concert of Deutsche Oper Berlin or at concerts series of Beethoven Conservatorium Venlo, Netherlands.<\/p>\n\n\n\n<p>The Steininger Duo won the special prize \u201ebest Duo\u201c at the International Anton Rubinstein Chamber Music Competition in 2018. They were awarded with 3<sup>rd<\/sup> price at 2. International Competition &#8222;Music in the Vineyards&#8220;, Vr\u0161ac, Serbia. In 2021 they were finalists at LFN International Chamber Music Competition in Bolzano, Italy. Lilja Steininger studied in Vienna and she is principal flutist of the D\u00fcsseldorfer Symphoniker\/ Deutsche Oper am Rhein. She has been student at the Karajan-Akademie with the Berlin Philharmonics. She won prizes in many international competitions, for example Osaka International Music Competition.<\/p>\n\n\n\n<p>.<\/p>\n\n\n<div class=\"wp-block-image is-style-default\">\n<figure class=\"aligncenter size-large is-resized\"><img loading=\"lazy\" decoding=\"async\" src=\"https:\/\/anielesteininger.com\/wp-content\/uploads\/2019\/12\/c5d6b819-c686-4da4-9871-438ef41aa0b4-768x1024.jpg\" alt=\"\" class=\"wp-image-94\" width=\"500\" height=\"665\"\/><\/figure>\n<\/div>\n\n\n<hr class=\"wp-block-separator has-css-opacity\"\/>\n\n\n\n<h2 class=\"wp-block-heading\">Aufnahmen<\/h2>\n\n\n\n<iframe loading=\"lazy\" src=\"https:\/\/www.youtube-nocookie.com\/embed\/DiOrwTFrP30\" allow=\"accelerometer; autoplay; encrypted-media; gyroscope; picture-in-picture\" allowfullscreen=\"\" width=\"560\" height=\"315\" frameborder=\"0\"><\/iframe>\n\n\n\n<hr class=\"wp-block-separator has-css-opacity\"\/>\n\n\n\n<iframe loading=\"lazy\" src=\"https:\/\/www.youtube-nocookie.com\/embed\/zPi7abQUoIg\" allow=\"accelerometer; autoplay; encrypted-media; gyroscope; picture-in-picture\" allowfullscreen=\"\" width=\"560\" height=\"315\" frameborder=\"0\"><\/iframe>\n","protected":false},"excerpt":{"rendered":"<p>Seit fr\u00fcher Kindheit spielen die Geschwister des Steininger-Duos erfolgreich zusammen. Das Duo konzertierte in zahlreichen L\u00e4ndern Europas unter anderen bei den Foyer-Konzerten der Deutschen Oper Berlin, im ESE Florenz, bei<a href=\"https:\/\/anielesteininger.com\/?page_id=25\" class=\"more-link\"><span class=\"readmore\">Continue reading<span class=\"screen-reader-text\">STEININGER DUO<\/span><\/span><\/a><\/p>\n","protected":false},"author":1,"featured_media":106,"parent":0,"menu_order":0,"comment_status":"closed","ping_status":"closed","template":"","meta":{"footnotes":""},"class_list":["post-25","page","type-page","status-publish","has-post-thumbnail","hentry"],"_links":{"self":[{"href":"https:\/\/anielesteininger.com\/index.php?rest_route=\/wp\/v2\/pages\/25","targetHints":{"allow":["GET"]}}],"collection":[{"href":"https:\/\/anielesteininger.com\/index.php?rest_route=\/wp\/v2\/pages"}],"about":[{"href":"https:\/\/anielesteininger.com\/index.php?rest_route=\/wp\/v2\/types\/page"}],"author":[{"embeddable":true,"href":"https:\/\/anielesteininger.com\/index.php?rest_route=\/wp\/v2\/users\/1"}],"replies":[{"embeddable":true,"href":"https:\/\/anielesteininger.com\/index.php?rest_route=%2Fwp%2Fv2%2Fcomments&post=25"}],"version-history":[{"count":21,"href":"https:\/\/anielesteininger.com\/index.php?rest_route=\/wp\/v2\/pages\/25\/revisions"}],"predecessor-version":[{"id":419,"href":"https:\/\/anielesteininger.com\/index.php?rest_route=\/wp\/v2\/pages\/25\/revisions\/419"}],"wp:featuredmedia":[{"embeddable":true,"href":"https:\/\/anielesteininger.com\/index.php?rest_route=\/wp\/v2\/media\/106"}],"wp:attachment":[{"href":"https:\/\/anielesteininger.com\/index.php?rest_route=%2Fwp%2Fv2%2Fmedia&parent=25"}],"curies":[{"name":"wp","href":"https:\/\/api.w.org\/{rel}","templated":true}]}}