{"id":27,"date":"2019-12-14T18:00:39","date_gmt":"2019-12-14T18:00:39","guid":{"rendered":"http:\/\/anielesteininger.com\/?page_id=27"},"modified":"2020-09-10T19:26:19","modified_gmt":"2020-09-10T18:26:19","slug":"berchtold-piano-trio","status":"publish","type":"page","link":"https:\/\/anielesteininger.com\/?page_id=27","title":{"rendered":"BERCHTOLD PIANO TRIO"},"content":{"rendered":"\n<p>Das Berchtold Piano Trio, bestehend aus der Schweizerin Livia Berchtold, Aniele Steininger aus Deutschland und Ileana Waldenmayer aus Italien, gr\u00fcndete sich an der Hochschule f\u00fcr Musik Basel im Jahr 2011, dem ersten Studienjahr der Musikerinnen. Das Trio ist nach der Geigerin benannt, wobei \u201ebercht\u201c mittelhochdeutsch \u201egl\u00e4nzend, leuchtend\u201c bedeutet, was sie als k\u00fcnstlerisches Ziel empfinden. Das Berchtold Piano Trio wurde als Preistr\u00e4ger des ORPHEUS Swiss Chamber Music Competition 2019 ausgezeichnet. Sie konzertierten bereits in der Schweiz, Deutschland und Italien. Zuletzt traten sie bei den Kammermusiktagen der Hochschule f\u00fcr Musik Basel und im Zunftsaal des Schmiedenhofs Basel auf. Das Trio arbeitet mit renommierten Musikern wie Benjamin Engeli, Ronald Brautigam, Rafael Rosenfeld, Alexander Sitkovetsky, Winfried Rademacher, Tobias Schabenberger und Uli Fussenegger zusammen. Die Musikerinnen verbindet eine grosse Leidenschaft f\u00fcr die Kammermusik sowie eine \u00fcber das gemeinsame Musizieren hinausgehende langj\u00e4hrige Freundschaft. Das gemeinsame Wachsen und Reifen \u00fcber das ganze Studium bringt den drei K\u00fcnstlerinnen eine besondere N\u00e4he beim Interpretieren und ein einf\u00fchlsames Zusammenspiel. <\/p>\n\n\n\n<div class=\"wp-block-image\"><figure class=\"aligncenter size-large\"><img loading=\"lazy\" decoding=\"async\" width=\"1024\" height=\"683\" src=\"https:\/\/anielesteininger.com\/wp-content\/uploads\/2020\/08\/IMG_4438-1024x683.jpg\" alt=\"\" class=\"wp-image-302\" srcset=\"https:\/\/anielesteininger.com\/wp-content\/uploads\/2020\/08\/IMG_4438-1024x683.jpg 1024w, https:\/\/anielesteininger.com\/wp-content\/uploads\/2020\/08\/IMG_4438-300x200.jpg 300w, https:\/\/anielesteininger.com\/wp-content\/uploads\/2020\/08\/IMG_4438-768x512.jpg 768w, https:\/\/anielesteininger.com\/wp-content\/uploads\/2020\/08\/IMG_4438-2048x1365.jpg 2048w\" sizes=\"auto, (max-width: 1024px) 100vw, 1024px\" \/><\/figure><\/div>\n","protected":false},"excerpt":{"rendered":"<p>Das Berchtold Piano Trio, bestehend aus der Schweizerin Livia Berchtold, Aniele Steininger aus Deutschland und Ileana Waldenmayer aus Italien, gr\u00fcndete sich an der Hochschule f\u00fcr Musik Basel im Jahr 2011,<a href=\"https:\/\/anielesteininger.com\/?page_id=27\" class=\"more-link\"><span class=\"readmore\">Continue reading<span class=\"screen-reader-text\">BERCHTOLD PIANO TRIO<\/span><\/span><\/a><\/p>\n","protected":false},"author":1,"featured_media":0,"parent":0,"menu_order":0,"comment_status":"closed","ping_status":"closed","template":"","meta":{"footnotes":""},"class_list":["post-27","page","type-page","status-publish","hentry"],"_links":{"self":[{"href":"https:\/\/anielesteininger.com\/index.php?rest_route=\/wp\/v2\/pages\/27","targetHints":{"allow":["GET"]}}],"collection":[{"href":"https:\/\/anielesteininger.com\/index.php?rest_route=\/wp\/v2\/pages"}],"about":[{"href":"https:\/\/anielesteininger.com\/index.php?rest_route=\/wp\/v2\/types\/page"}],"author":[{"embeddable":true,"href":"https:\/\/anielesteininger.com\/index.php?rest_route=\/wp\/v2\/users\/1"}],"replies":[{"embeddable":true,"href":"https:\/\/anielesteininger.com\/index.php?rest_route=%2Fwp%2Fv2%2Fcomments&post=27"}],"version-history":[{"count":9,"href":"https:\/\/anielesteininger.com\/index.php?rest_route=\/wp\/v2\/pages\/27\/revisions"}],"predecessor-version":[{"id":310,"href":"https:\/\/anielesteininger.com\/index.php?rest_route=\/wp\/v2\/pages\/27\/revisions\/310"}],"wp:attachment":[{"href":"https:\/\/anielesteininger.com\/index.php?rest_route=%2Fwp%2Fv2%2Fmedia&parent=27"}],"curies":[{"name":"wp","href":"https:\/\/api.w.org\/{rel}","templated":true}]}}