{"id":43,"date":"2019-12-14T18:03:19","date_gmt":"2019-12-14T18:03:19","guid":{"rendered":"http:\/\/anielesteininger.com\/?page_id=43"},"modified":"2026-01-04T19:18:19","modified_gmt":"2026-01-04T18:18:19","slug":"konzerte","status":"publish","type":"page","link":"https:\/\/anielesteininger.com\/?page_id=43","title":{"rendered":"KONZERTE"},"content":{"rendered":"<div class=\"wp-block-image\">\n<figure class=\"aligncenter size-large\"><img loading=\"lazy\" decoding=\"async\" width=\"480\" height=\"640\" src=\"http:\/\/anielesteininger.com\/wp-content\/uploads\/2019\/12\/An..jpg\" alt=\"\" class=\"wp-image-157\" srcset=\"https:\/\/anielesteininger.com\/wp-content\/uploads\/2019\/12\/An..jpg 480w, https:\/\/anielesteininger.com\/wp-content\/uploads\/2019\/12\/An.-225x300.jpg 225w\" sizes=\"auto, (max-width: 480px) 100vw, 480px\" \/><\/figure>\n<\/div>\n\n\n<ul class=\"wp-block-list\"><li><strong>03.01.2020, 20:30 | KONZERT |<\/strong> Neujahrskonzert der Camerata Reutlingen: L. v. Beethoven, Klavierkonzert Nr. 3 c-Moll | Gemeindesaal, 39030 Terenten, S\u00fcdtirol, Italien <\/li><li><strong>27.05.2020, 12:15 | KONZERT-LIVESTREAM |<\/strong> Duo Aline Schnepp (Violoncello) &amp; Aniele Steininger: Werke von R. Schumann und L. v. Beethoven | Mimiko &#8211; Mittagskonzert in der offenen Kirche Elisabethen, Basel, <a rel=\"noreferrer noopener\" href=\"https:\/\/www.facebook.com\/offenekircheelisabethen\" target=\"_blank\">https:\/\/www.facebook.com\/offenekircheelisabethen<\/a>  <\/li><li><strong>04.09.2020, 19:00 (verschoben vom 14.08.2020) | KONZERT |<\/strong> Berchtold Piano Trio | Evangelisches Kirchengemeindehaus, 9425 Thal, Schweiz<\/li><li><strong>21.08.2020, 19:30 | KONZERT |<\/strong> &#8222;Die lange nacht der jungen Meister&#8220; | Arkadenhof, Horn, \u00d6sterreich<\/li><li><strong>11.09.2020, 20:00 | KONZERT|<\/strong> Swiss Chamber Music Festival Adelboden, Berchtold Piano Trio: Werke von C. Debussy, D. Schostakowitsch und B. Furrer | 3715 Adelboden, Schweiz | TICKETS: <a rel=\"noreferrer noopener\" href=\"https:\/\/swisschambermusicfestival.ch\/de\/Festival\/Festivalprogramm\/Detail?id=180&amp;date=1599847200\" target=\"_blank\">https:\/\/swisschambermusicfestival.ch\/de\/Festival\/Festivalprogramm\/Detail?id=180&amp;date=1599847200<\/a><\/li><li><strong>12.09.2020, 17:00 | KONZERT|<\/strong> Festival Musikdorf Ernen, Newcomers 2020, Berchtold Piano Trio: Werke von C. Debussy, D. Schostakowitsch und B. Furrer | Tellenhaus, 3995 Ernen, Schweiz | TICKETS: <a rel=\"noreferrer noopener\" href=\"https:\/\/www.musikdorf.ch\/de\/programm\/date\/event_id-13195\" target=\"_blank\">https:\/\/www.musikdorf.ch\/de\/programm\/date\/event_id-13195<\/a><\/li><li><strong>17.12.2020, 19:00 | SCH\u00dcLERKONZERT |<\/strong> Musizierstunde: Klaviersch\u00fcler Aniele Steininger | Forum Alts Schlachthuus, Laufen, Schweiz<\/li><li><strong><s>22.05.2021, 19:00<\/s> Verschoben auf Januar 2022 | KONZERT |<\/strong> Berchtold Piano Trio: Werke von L. v. Beethoven und F. Mendelssohn | Forum Alts Schlachthuus, Laufen, Schweiz<\/li><li><strong>09.07.2021, 19:30 | KONZERT<\/strong> <strong>|<\/strong> Solo-Rezital: Werke von C. Debussy, D. Mast und F. Schubert | Schloss Zeilitzheim, 97509 Kolitzheim, Deutschland | INFOS: <a rel=\"noreferrer noopener\" href=\"https:\/\/barockschloss.de\/kalender\/\" target=\"_blank\">https:\/\/barockschloss.de\/kalender\/<\/a><\/li><li><strong>25.09.21, 17.30 | KONZERT<\/strong> | Vierh\u00e4ndige Sommernachtskl\u00e4nge am Klavier und Akkordeon | Klavierduo Christian Thurneysen und Aniele Steininger sowie Klaviersch\u00fcler der Musikschule Laufen: Werke von Brahms und Mozart | St. Katharinenkirche Laufen, Viehmarktgasse 63, 4242 Laufen, Schweiz | Eintritt frei | INFOS: <a href=\"https:\/\/www.musikschule-laufen.ch\/up\/programm_1258.pdf\">https:\/\/www.musikschule-laufen.ch\/up\/programm_1258.pdf<\/a><\/li><\/ul>\n\n\n\n<ul class=\"wp-block-list\">\n<li><strong>23.01.2022, 17:00 | KONZERT<\/strong> <strong>|<\/strong> Berchtold Piano Trio: Werke u.a. von F. Mendelssohn | Landenbergsaal Schloss Arbon, 9320 Arbon, Schweiz<\/li>\n\n\n\n<li><strong>12.02.2022, 17:30 | KONZERT |<\/strong> Klavierduo Christian Thurneysen und Aniele Steininger: Werke von J. Brahms und F. Schubert | Forum Alts Schlachthuus, Laufen, Schweiz<\/li>\n\n\n\n<li><strong>27.02.2022, 17:00 | KONZERT<\/strong> <strong>|<\/strong> Klavierduo Christian Thurneysen und Aniele Steininger sowie Steininger Duo: Werke u.a. von F. Schubert und J. Brahms | Landenbergsaal Schloss Arbon, 9320 Arbon, Schweiz<\/li>\n\n\n\n<li><strong>14.08.2022, 18:00 | KONZERT<\/strong> <strong>|<\/strong> Abschlusskonzert VIP Academy | Gro\u00dfer Ehrbarsaal, M\u00fchlgasse 28, 1040 Wien, \u00d6sterreich<\/li>\n\n\n\n<li><strong>03.01.2023, <strong>20:30 | KONZERT |<\/strong> <\/strong>Neujahrskonzert der Camerata Reutlingen: J. Haydn, Klavierkonzert in D-Dur, Hob. XVIII:11 | Gemeindesaal, 39030 Terenten, S\u00fcdtirol, Italien <\/li>\n\n\n\n<li><strong>21.01.2023, 18:00 | KONZERT<\/strong> <strong>|<\/strong> Steininger Duo: Werke von J. S. Bach, C. Debussy und F. Schubert | Beethoven Conservatorium Stichtling, Venloseweg 5, 5931GR Tegelen, Niederlande | INFOS: <a href=\"https:\/\/beethoven-conservatorium.com\/?tribe_events=kamerconcert-beethoven-conservatorium-lilja-steininger-flute-und-aniele-steininger-piano\" target=\"_blank\" rel=\"noreferrer noopener\">beethoven-conservatorium.com<\/a><\/li>\n\n\n\n<li><strong>25.03.2023, 16:00 | KONZERT<\/strong> <strong>|<\/strong> Konzertreihe &#8222;Aktuelle Musik&#8220; Werke von G. Katzer, D. Scarlatti, R. Schumann und C. Debussy | Gemeindesaal Marienkirche Strausberg, Predigerstra\u00dfe 2, 15344 Strausberg, Deutschland<\/li>\n\n\n\n<li><strong>07.05.2023 | KONZERT<\/strong> <strong>|<\/strong> Festival &#8222;Neuk\u00f6llner Originalt\u00f6ne&#8220;, Steininger Duo: Werke von G. Katzer und H. Dutilleux | Genezarethkirche, Herfurtplatz 14, 12049 Berlin, Deutschland<\/li>\n\n\n\n<li><strong><strong>31.05.2023, 12:15 | KONZERT |<\/strong> <\/strong>Duo Aline Schnepp (Violoncello) &amp; Aniele Steininger: Werke von L. v. Beethoven | Mimiko &#8211; Mittagskonzert in der offenen Kirche Elisabethen, Basel, Schweiz<\/li>\n\n\n\n<li><strong><strong>21.06.2024, 11:00 | KONZERT |<\/strong> <\/strong>Podium von Klasse S. Wirth: Mit Werken von R. Saunders | Hochschule f\u00fcr Musik Luzern, Arsenalstrasse 28a, 6010 Kriens, Schweiz<\/li>\n\n\n\n<li><strong><strong>14.09.2024, 19:00 | KONZERT |<\/strong> <\/strong>Translocal Performance Art Giswil, U. M\u00e4der, Klangschweife | Turbine Giswil, Unteraastrasse 42 Giswil, Schweiz | <a href=\"https:\/\/performanceart-giswil.ch\/\">https:\/\/performanceart-giswil.ch<\/a><\/li>\n\n\n\n<li><strong>03.01.2025, 20:00 | KONZERT |<\/strong> Neujahrskonzert der Camerata Reutlingen: W. A. Mozart, Klavierkonzert Nr. 23 A-Dur KV 488 | Gemeindesaal, 39030 Terenten, S\u00fcdtirol, Italien<\/li>\n\n\n\n<li><strong><strong>20.01.2025, 20:30 | KONZERT |<\/strong> <\/strong>Werke von P. E\u00f6tv\u00f6s, &#8222;Now, Miss!&#8220; f\u00fcr Violine und Synthesizer | Hochschule f\u00fcr Musik Luzern, Arsenalstrasse 28a, 6010 Kriens, Schweiz<\/li>\n\n\n\n<li><strong>23.09.2025, 18:30 | KONZERT |<\/strong> Jubil\u00e4umskonzert Sommerabschied, vierh\u00e4nige Klaviermusik: Werke u.a. von G. Ligeti und A. Dvorak | Reformierte Kirche, 4242 Laufen, Schweiz<\/li>\n\n\n\n<li><strong>08.11.2025, 17:00 | REZITAL |<\/strong> Podium der EPTA-Mitglieder: Werke von D. Scarlatti, F. Hensel und G. Katzer | Konservatorium Z\u00fcrich, Florhofgasse 6, 8001 Z\u00fcrich, Schweiz<\/li>\n\n\n\n<li><strong>13.06.2026, 17:00 | REZITAL |<\/strong> Werke von D. Scarlatti, F. Hensel und G. Katzer | Aula Alte Kantonsschule Aarau, Bahnhofstrasse 91, 5001 Aarau, Schweiz<\/li>\n\n\n\n<li><strong>21.08.2026, 19:30 | KONZERT<\/strong> | Solo-Rezital: Werke von L. v. Beethoven, D. Mast, F. Hensel und D. Scarlatti | Schloss Zeilitzheim, 97509 Kolitzheim, Deutschland | INFOS: https:\/\/barockschloss.de\/kalender\/<\/li>\n\n\n\n<li><strong>20.11.2026, 19:30 | KONZERT<\/strong> | Steininger Duo: Werke von S. Nemzov, G. Katzer, R. Saunders und H. Dutilleux | Musica Nova, Kunstmuseum Reutlingen, 72764 Reutlingen, Deutschland | INFOS: <a href=\"https:\/\/www.kunstmuseum-reutlingen.de\/de\/Ausstellungen\/Veranstaltungen\/Veranstaltung?view=publish&amp;item=eventDate&amp;id=43208\">www.kunstmuseum-reutlingen.de<\/a><\/li>\n<\/ul>\n\n\n\n<p><em>weitere Termine folgen<\/em>&#8230;<\/p>\n\n\n\n<p><\/p>\n","protected":false},"excerpt":{"rendered":"<p>weitere Termine folgen&#8230;<\/p>\n","protected":false},"author":1,"featured_media":0,"parent":0,"menu_order":0,"comment_status":"closed","ping_status":"closed","template":"","meta":{"footnotes":""},"class_list":["post-43","page","type-page","status-publish","hentry"],"_links":{"self":[{"href":"https:\/\/anielesteininger.com\/index.php?rest_route=\/wp\/v2\/pages\/43","targetHints":{"allow":["GET"]}}],"collection":[{"href":"https:\/\/anielesteininger.com\/index.php?rest_route=\/wp\/v2\/pages"}],"about":[{"href":"https:\/\/anielesteininger.com\/index.php?rest_route=\/wp\/v2\/types\/page"}],"author":[{"embeddable":true,"href":"https:\/\/anielesteininger.com\/index.php?rest_route=\/wp\/v2\/users\/1"}],"replies":[{"embeddable":true,"href":"https:\/\/anielesteininger.com\/index.php?rest_route=%2Fwp%2Fv2%2Fcomments&post=43"}],"version-history":[{"count":33,"href":"https:\/\/anielesteininger.com\/index.php?rest_route=\/wp\/v2\/pages\/43\/revisions"}],"predecessor-version":[{"id":500,"href":"https:\/\/anielesteininger.com\/index.php?rest_route=\/wp\/v2\/pages\/43\/revisions\/500"}],"wp:attachment":[{"href":"https:\/\/anielesteininger.com\/index.php?rest_route=%2Fwp%2Fv2%2Fmedia&parent=43"}],"curies":[{"name":"wp","href":"https:\/\/api.w.org\/{rel}","templated":true}]}}